{"id":48,"date":"2015-11-09T13:50:50","date_gmt":"2015-11-09T13:50:50","guid":{"rendered":"http:\/\/qkthemes-demo.com\/wordpress\/construct\/?page_id=48"},"modified":"2017-05-17T17:37:49","modified_gmt":"2017-05-17T17:37:49","slug":"sobre-a-cepazzi","status":"publish","type":"page","link":"http:\/\/cepazzi.com.br\/index.php\/sobre-a-cepazzi\/","title":{"rendered":"Sobre a Cepazzi"},"content":{"rendered":"<p>[vc_row el_class=&#8221;about-section&#8221;][vc_column width=&#8221;1\/2&#8243; el_class=&#8221;about-post&#8221;][vc_single_image image=&#8221;479&#8243; img_size=&#8221;full&#8221;][vc_column_text]<\/p>\n<h2>Sobre a Cepazzi<\/h2>\n<p>A Cer\u00e2mica Cepazzi est\u00e1 situada em Gravata\u00ed, com localiza\u00e7\u00e3o estrat\u00e9gica, com as entradas da sua planta Fabril, nas Rodovias RS 020 e RS 118, aproximadamente 07 Km da BR 290 (Free Way), que s\u00e3o Rodovias de escoamento da grande Porto Alegre. A empresa foi fundada em 14\/08\/1970, na cidade de Gravata\u00ed \u2013 RS, sob a denomina\u00e7\u00e3o social de Cer\u00e2mica Pauluzzi Ltda. No ano de 1989 alterou sua denomina\u00e7\u00e3o para Cepazzi Produtos Cer\u00e2micos Ltda.<\/p>\n<p>Desde sua funda\u00e7\u00e3o, esteve voltada para a fabrica\u00e7\u00e3o de tijolos para a utiliza\u00e7\u00e3o em alvenaria aparente. Foi uma das pioneiras na fabrica\u00e7\u00e3o de tijolos de 21 furos e maci\u00e7os com esta finalidade.[\/vc_column_text][\/vc_column][vc_column width=&#8221;1\/2&#8243; el_class=&#8221;about-post&#8221;][vc_single_image image=&#8221;475&#8243; img_size=&#8221;full&#8221;][vc_column_text]<\/p>\n<h2>Porqu\u00ea escolher a Cepazzi<\/h2>\n<p>Contando com a confian\u00e7a de nossos parceiros e a ajuda de colaboradores, conseguimos nos desenvolver, encontrando o nosso espa\u00e7o no mercado, sempre trabalhando com dedica\u00e7\u00e3o e buscando a excel\u00eancia de nossos servi\u00e7os. Isto resultou uma produ\u00e7\u00e3o de qualidade, utilizando a \u00f3tima argila da regi\u00e3o de Gravata\u00ed, considerada uma das melhores do Brasil, garantindo produtos de beleza, resist\u00eancia e durabilidade, tendo como retorno a satisfa\u00e7\u00e3o de nossos clientes, o que \u00e9 nossa maior gratifica\u00e7\u00e3o.<\/p>\n<p>Produzimos e comercializamos pe\u00e7as de acordo com as normas ambientais da <strong>FEPAM<\/strong> e <strong>DNPM<\/strong>, seguindo o padr\u00e3o definido pelo <strong>INMETRO<\/strong>, proporcionando aos nossos clientes o melhor produto de forma respons\u00e1vel.[\/vc_column_text][\/vc_column][\/vc_row]<\/p>\n","protected":false},"excerpt":{"rendered":"<p>[vc_row el_class=&#8221;about-section&#8221;][vc_column width=&#8221;1\/2&#8243; el_class=&#8221;about-post&#8221;][vc_single_image image=&#8221;479&#8243; img_size=&#8221;full&#8221;][vc_column_text] Sobre a Cepazzi A Cer\u00e2mica Cepazzi est\u00e1 situada em Gravata\u00ed, com localiza\u00e7\u00e3o estrat\u00e9gica, com as entradas da sua planta Fabril, nas Rodovias RS 020 e RS 118, aproximadamente 07 Km da BR 290 (Free Way), que s\u00e3o Rodovias de escoamento da grande Porto Alegre. A empresa foi fundada em [&hellip;]<\/p>\n","protected":false},"author":1,"featured_media":0,"parent":0,"menu_order":0,"comment_status":"closed","ping_status":"closed","template":"template-pagefull.php","meta":[],"acf":[],"_links":{"self":[{"href":"http:\/\/cepazzi.com.br\/index.php\/wp-json\/wp\/v2\/pages\/48"}],"collection":[{"href":"http:\/\/cepazzi.com.br\/index.php\/wp-json\/wp\/v2\/pages"}],"about":[{"href":"http:\/\/cepazzi.com.br\/index.php\/wp-json\/wp\/v2\/types\/page"}],"author":[{"embeddable":true,"href":"http:\/\/cepazzi.com.br\/index.php\/wp-json\/wp\/v2\/users\/1"}],"replies":[{"embeddable":true,"href":"http:\/\/cepazzi.com.br\/index.php\/wp-json\/wp\/v2\/comments?post=48"}],"version-history":[{"count":13,"href":"http:\/\/cepazzi.com.br\/index.php\/wp-json\/wp\/v2\/pages\/48\/revisions"}],"predecessor-version":[{"id":488,"href":"http:\/\/cepazzi.com.br\/index.php\/wp-json\/wp\/v2\/pages\/48\/revisions\/488"}],"wp:attachment":[{"href":"http:\/\/cepazzi.com.br\/index.php\/wp-json\/wp\/v2\/media?parent=48"}],"curies":[{"name":"wp","href":"https:\/\/api.w.org\/{rel}","templated":true}]}}