{"id":134,"date":"2015-11-11T15:54:35","date_gmt":"2015-11-11T15:54:35","guid":{"rendered":"http:\/\/qkthemes-demo.com\/wordpress\/construct\/?page_id=134"},"modified":"2020-12-16T19:50:25","modified_gmt":"2020-12-16T19:50:25","slug":"tijolos-macicos","status":"publish","type":"page","link":"http:\/\/cepazzi.com.br\/index.php\/produtos\/tijolos-macicos\/","title":{"rendered":"Tijolos Maci\u00e7os"},"content":{"rendered":"<p>[vc_row el_class=&#8221;services-section&#8221;][vc_column width=&#8221;1\/2&#8243;][\/vc_column][vc_column width=&#8221;1\/2&#8243;][qk_service title=&#8221;Tijolos Maci\u00e7os Misto 11,5&#215;5,3&#215;24 cm&#8221; image=&#8221;321&#8243;][\/qk_service][\/vc_column][\/vc_row][vc_row el_class=&#8221;services-section&#8221;][vc_column width=&#8221;1\/2&#8243;][qk_service title=&#8221;Tijolos Maci\u00e7os Popular Requeimado 11,5&#215;5,3&#215;24 cm&#8221; image=&#8221;322&#8243;][\/qk_service][\/vc_column][vc_column width=&#8221;1\/2&#8243;][qk_service title=&#8221;Tijolos Maci\u00e7os 1\/2 Para Piso Extra 11,5&#215;2,7&#215;24 cm&#8221; image=&#8221;323&#8243;][\/qk_service][\/vc_column][\/vc_row][vc_row el_class=&#8221;services-section&#8221;][vc_column width=&#8221;1\/2&#8243;][qk_service title=&#8221;Tijolos Maci\u00e7o Misto 14&#215;5,3&#215;29 cm&#8221; image=&#8221;324&#8243;][\/qk_service][\/vc_column][vc_column width=&#8221;1\/2&#8243;][\/vc_column][\/vc_row][vc_row][vc_column][vc_column_text]<\/p>\n<p style=\"text-align: left;\">Consulte outras classifica\u00e7\u00f5es atrav\u00e9s do telefone\u00a0(51) 3488.1022.<\/p>\n<h6 style=\"text-align: left;\">Fotos meramente ilustrativas.<\/h6>\n<p>[\/vc_column_text][\/vc_column][\/vc_row]<\/p>\n","protected":false},"excerpt":{"rendered":"<p>[vc_row el_class=&#8221;services-section&#8221;][vc_column width=&#8221;1\/2&#8243;][\/vc_column][vc_column width=&#8221;1\/2&#8243;][qk_service title=&#8221;Tijolos Maci\u00e7os Misto 11,5&#215;5,3&#215;24 cm&#8221; image=&#8221;321&#8243;][\/qk_service][\/vc_column][\/vc_row][vc_row el_class=&#8221;services-section&#8221;][vc_column width=&#8221;1\/2&#8243;][qk_service title=&#8221;Tijolos Maci\u00e7os Popular Requeimado 11,5&#215;5,3&#215;24 cm&#8221; image=&#8221;322&#8243;][\/qk_service][\/vc_column][vc_column width=&#8221;1\/2&#8243;][qk_service title=&#8221;Tijolos Maci\u00e7os 1\/2 Para Piso Extra 11,5&#215;2,7&#215;24 cm&#8221; image=&#8221;323&#8243;][\/qk_service][\/vc_column][\/vc_row][vc_row el_class=&#8221;services-section&#8221;][vc_column width=&#8221;1\/2&#8243;][qk_service title=&#8221;Tijolos Maci\u00e7o Misto 14&#215;5,3&#215;29 cm&#8221; image=&#8221;324&#8243;][\/qk_service][\/vc_column][vc_column width=&#8221;1\/2&#8243;][\/vc_column][\/vc_row][vc_row][vc_column][vc_column_text] Consulte outras classifica\u00e7\u00f5es atrav\u00e9s do telefone\u00a0(51) 3488.1022. Fotos meramente ilustrativas. [\/vc_column_text][\/vc_column][\/vc_row]<\/p>\n","protected":false},"author":1,"featured_media":0,"parent":71,"menu_order":0,"comment_status":"closed","ping_status":"closed","template":"template-service.php","meta":[],"acf":[],"_links":{"self":[{"href":"http:\/\/cepazzi.com.br\/index.php\/wp-json\/wp\/v2\/pages\/134"}],"collection":[{"href":"http:\/\/cepazzi.com.br\/index.php\/wp-json\/wp\/v2\/pages"}],"about":[{"href":"http:\/\/cepazzi.com.br\/index.php\/wp-json\/wp\/v2\/types\/page"}],"author":[{"embeddable":true,"href":"http:\/\/cepazzi.com.br\/index.php\/wp-json\/wp\/v2\/users\/1"}],"replies":[{"embeddable":true,"href":"http:\/\/cepazzi.com.br\/index.php\/wp-json\/wp\/v2\/comments?post=134"}],"version-history":[{"count":17,"href":"http:\/\/cepazzi.com.br\/index.php\/wp-json\/wp\/v2\/pages\/134\/revisions"}],"predecessor-version":[{"id":560,"href":"http:\/\/cepazzi.com.br\/index.php\/wp-json\/wp\/v2\/pages\/134\/revisions\/560"}],"up":[{"embeddable":true,"href":"http:\/\/cepazzi.com.br\/index.php\/wp-json\/wp\/v2\/pages\/71"}],"wp:attachment":[{"href":"http:\/\/cepazzi.com.br\/index.php\/wp-json\/wp\/v2\/media?parent=134"}],"curies":[{"name":"wp","href":"https:\/\/api.w.org\/{rel}","templated":true}]}}