{"id":129,"date":"2015-11-11T15:52:36","date_gmt":"2015-11-11T15:52:36","guid":{"rendered":"http:\/\/qkthemes-demo.com\/wordpress\/construct\/?page_id=129"},"modified":"2017-03-22T21:37:15","modified_gmt":"2017-03-22T21:37:15","slug":"tijolos-vazados","status":"publish","type":"page","link":"http:\/\/cepazzi.com.br\/index.php\/produtos\/tijolos-vazados\/","title":{"rendered":"Tijolos Vazados"},"content":{"rendered":"<p>[vc_row el_class=&#8221;services-section&#8221;][vc_column width=&#8221;1\/2&#8243;][qk_service title=&#8221;Tijolos Vazados Misto 16,8&#215;16,8&#215;5,7 cm&#8221; image=&#8221;333&#8243;][\/qk_service][\/vc_column][vc_column width=&#8221;1\/2&#8243;][qk_service title=&#8221;Tijolos Vazados Misto 16,8&#215;16,8&#215;10,5 cm&#8221; image=&#8221;334&#8243;][\/qk_service][\/vc_column][\/vc_row][vc_row][vc_column][vc_column_text]Consulte outras classifica\u00e7\u00f5es atrav\u00e9s do telefone\u00a0(51) 3488.1022.<\/p>\n<h6>Fotos meramente ilustrativas.<\/h6>\n<p>[\/vc_column_text][\/vc_column][\/vc_row]<\/p>\n","protected":false},"excerpt":{"rendered":"<p>[vc_row el_class=&#8221;services-section&#8221;][vc_column width=&#8221;1\/2&#8243;][qk_service title=&#8221;Tijolos Vazados Misto 16,8&#215;16,8&#215;5,7 cm&#8221; image=&#8221;333&#8243;][\/qk_service][\/vc_column][vc_column width=&#8221;1\/2&#8243;][qk_service title=&#8221;Tijolos Vazados Misto 16,8&#215;16,8&#215;10,5 cm&#8221; image=&#8221;334&#8243;][\/qk_service][\/vc_column][\/vc_row][vc_row][vc_column][vc_column_text]Consulte outras classifica\u00e7\u00f5es atrav\u00e9s do telefone\u00a0(51) 3488.1022. Fotos meramente ilustrativas. [\/vc_column_text][\/vc_column][\/vc_row]<\/p>\n","protected":false},"author":1,"featured_media":0,"parent":71,"menu_order":0,"comment_status":"closed","ping_status":"closed","template":"template-service.php","meta":[],"acf":[],"_links":{"self":[{"href":"http:\/\/cepazzi.com.br\/index.php\/wp-json\/wp\/v2\/pages\/129"}],"collection":[{"href":"http:\/\/cepazzi.com.br\/index.php\/wp-json\/wp\/v2\/pages"}],"about":[{"href":"http:\/\/cepazzi.com.br\/index.php\/wp-json\/wp\/v2\/types\/page"}],"author":[{"embeddable":true,"href":"http:\/\/cepazzi.com.br\/index.php\/wp-json\/wp\/v2\/users\/1"}],"replies":[{"embeddable":true,"href":"http:\/\/cepazzi.com.br\/index.php\/wp-json\/wp\/v2\/comments?post=129"}],"version-history":[{"count":8,"href":"http:\/\/cepazzi.com.br\/index.php\/wp-json\/wp\/v2\/pages\/129\/revisions"}],"predecessor-version":[{"id":466,"href":"http:\/\/cepazzi.com.br\/index.php\/wp-json\/wp\/v2\/pages\/129\/revisions\/466"}],"up":[{"embeddable":true,"href":"http:\/\/cepazzi.com.br\/index.php\/wp-json\/wp\/v2\/pages\/71"}],"wp:attachment":[{"href":"http:\/\/cepazzi.com.br\/index.php\/wp-json\/wp\/v2\/media?parent=129"}],"curies":[{"name":"wp","href":"https:\/\/api.w.org\/{rel}","templated":true}]}}